{"id":721,"date":"2025-06-20T09:48:25","date_gmt":"2025-06-20T02:48:25","guid":{"rendered":"https:\/\/vinnet.vn\/?page_id=721"},"modified":"2025-06-20T10:22:27","modified_gmt":"2025-06-20T03:22:27","slug":"chinh-sach-bao-mat","status":"publish","type":"page","link":"https:\/\/vinnet.vn\/vi\/chinh-sach-bao-mat\/","title":{"rendered":"Ch\u00ednh s\u00e1ch b\u1ea3o m\u1eadt"},"content":{"rendered":"\n<div class=\"section-wrapper\" data-id=\"Op8WmX\"><section class=\"wp-block-gutenverse-section guten-element guten-section guten-Op8WmX layout-boxed align-stretch\"><div class=\"guten-container guten-column-gap-no\">\n<div class=\"wp-block-gutenverse-column guten-element guten-column guten-AVpqvl\"><div class=\"guten-column-wrapper\" data-id=\"AVpqvl\">\n<div class=\"wp-block-gutenverse-image guten-element guten-image guten-q4nFZC\"><a class=\"guten-image-wrapper\" href=\"\/\"><img loading=\"lazy\" decoding=\"async\" class=\"gutenverse-image-box-filled\" src=\"https:\/\/vinnet.vn\/wp-content\/uploads\/2025\/04\/Vinnet-JSC.png\" height=\"94\" width=\"354\"\/><\/a><\/div>\n<\/div><\/div>\n\n\n\n<div class=\"wp-block-gutenverse-column guten-element guten-column guten-edv1c4\"><div class=\"guten-column-wrapper\" data-id=\"edv1c4\"><div id=\"guten-v0mgUa\" class=\"guten-element guten-nav-menu nav-menu break-point-tablet submenu-click-title \" data-item-indicator=\"fas fa-angle-down\" data-close-on-click=\"1\">\n\t\t\t<div class=\"gutenverse-hamburger-wrapper\">\n\t\t\t\t<button class=\"gutenverse-hamburger-menu\">\n\t\t\t\t\t<i aria-hidden=\"true\" class=\"fas fa-bars\"><\/i>\n\t\t\t\t<\/button>\n\t\t\t<\/div>\n\t\t\t\n\t\t\t<div class=\"gutenverse-menu-wrapper\"><div class=\"gutenverse-menu-container\"><ul id=\"menu-header-menu\" class=\"gutenverse-menu\"><li id=\"menu-item-318\" class=\"menu-item menu-item-type-post_type menu-item-object-page menu-item-home menu-item-318\"><a href=\"javascript:void(0);\" data-href=\"https:\/\/vinnet.vn\/vi\/\">Home<\/a><\/li>\n<li id=\"menu-item-330\" class=\"menu-item menu-item-type-post_type menu-item-object-page menu-item-330\"><a href=\"javascript:void(0);\" data-href=\"https:\/\/vinnet.vn\/vi\/gioi-thieu-ve-vinnet\/\">V\u1ec1 Vinnet<\/a><\/li>\n<li id=\"menu-item-331\" class=\"menu-item menu-item-type-custom menu-item-object-custom menu-item-has-children menu-item-331\"><a href=\"javascript:void(0);\" data-href=\"#\">D\u1ecbch V\u1ee5<\/a>\n<ul class=\"sub-menu\">\n\t<li id=\"menu-item-324\" class=\"menu-item menu-item-type-post_type menu-item-object-page menu-item-324\"><a href=\"javascript:void(0);\" data-href=\"https:\/\/vinnet.vn\/vi\/giai-phap-vien-thong-sms-zns-voice-topup\/\">Gi\u1ea3i Ph\u00e1p Vi\u1ec5n Th\u00f4ng (SMS, ZNS, Voice &#038; Topup)<\/a><\/li>\n\t<li id=\"menu-item-322\" class=\"menu-item menu-item-type-post_type menu-item-object-page menu-item-322\"><a href=\"javascript:void(0);\" data-href=\"https:\/\/vinnet.vn\/vi\/giai-phap-ai-camera-cloud-platform\/\">Gi\u1ea3i Ph\u00e1p AI Camera &#038; Cloud Platform<\/a><\/li>\n<\/ul>\n<\/li>\n<li id=\"menu-item-426\" class=\"menu-item menu-item-type-post_type menu-item-object-page menu-item-426\"><a href=\"javascript:void(0);\" data-href=\"https:\/\/vinnet.vn\/vi\/lien-he\/\">Li\u00ean H\u1ec7<\/a><\/li>\n<\/ul><\/div>\n\t\t\t\t<div>\n\t\t\t\t\t<div class=\"gutenverse-nav-identity-panel\">\n\t\t\t\t\t\t<div class=\"gutenverse-nav-site-title\">\n\t\t\t\t\t\t\t<a href=\"https:\/\/vinnet.vn\/vi\" class=\"gutenverse-nav-logo\"><img decoding=\"async\" src=\"https:\/\/vinnet.vn\/wp-content\/uploads\/2025\/05\/Vinnet-JSC.png\" alt=\"Gi\u1ea3i ph\u00e1p Vi\u1ec5n th\u00f4ng To\u00e0n di\u1ec7n cho Doanh nghi\u1ec7p - \"><\/a>\n\t\t\t\t\t\t<\/div>\n\t\t\t\t\t\t<button class=\"gutenverse-close-menu\"><i aria-hidden=\"true\" class=\"fas fa-times\"><\/i><\/button>\n\t\t\t\t\t<\/div>\n\t\t\t\t<\/div>\n\t\t\t<\/div>\n\t\t<\/div><\/div><\/div>\n\n\n\n<div class=\"wp-block-gutenverse-column guten-element guten-column guten-gIoexR hide-tablet hide-mobile\"><div class=\"guten-column-wrapper\" data-id=\"gIoexR\"><div class=\"trp_language_switcher_shortcode\">\n<div class=\"trp-language-switcher trp-language-switcher-container\" data-no-translation >\n    <div class=\"trp-ls-shortcode-current-language\">\n        <a href=\"#\" class=\"trp-ls-shortcode-disabled-language trp-ls-disabled-language\" title=\"Vietnamese\" onclick=\"event.preventDefault()\">\n\t\t\t<img loading=\"lazy\" decoding=\"async\" class=\"trp-flag-image\" src=\"https:\/\/vinnet.vn\/wp-content\/plugins\/translatepress-multilingual\/assets\/images\/flags\/vi.png\" width=\"18\" height=\"12\" alt=\"vi\" title=\"Vietnamese\"> VI\t\t<\/a>\n    <\/div>\n    <div class=\"trp-ls-shortcode-language\">\n                <a href=\"#\" class=\"trp-ls-shortcode-disabled-language trp-ls-disabled-language\"  title=\"Vietnamese\" onclick=\"event.preventDefault()\">\n\t\t\t<img loading=\"lazy\" decoding=\"async\" class=\"trp-flag-image\" src=\"https:\/\/vinnet.vn\/wp-content\/plugins\/translatepress-multilingual\/assets\/images\/flags\/vi.png\" width=\"18\" height=\"12\" alt=\"vi\" title=\"Vietnamese\"> VI\t\t<\/a>\n                    <a href=\"https:\/\/vinnet.vn\/vi\/wp-json\/wp\/v2\/pages\/721\" title=\"English\">\n            <img loading=\"lazy\" decoding=\"async\" class=\"trp-flag-image\" src=\"https:\/\/vinnet.vn\/wp-content\/plugins\/translatepress-multilingual\/assets\/images\/flags\/en_US.png\" width=\"18\" height=\"12\" alt=\"en_US\" title=\"English\"> EN        <\/a>\n\n        <\/div>\n    <script type=\"application\/javascript\">\n        \/\/ need to have the same with set from JS on both divs. Otherwise it can push stuff around in HTML\n        var trp_ls_shortcodes = document.querySelectorAll('.trp_language_switcher_shortcode .trp-language-switcher');\n        if ( trp_ls_shortcodes.length > 0) {\n            \/\/ get the last language switcher added\n            var trp_el = trp_ls_shortcodes[trp_ls_shortcodes.length - 1];\n\n            var trp_shortcode_language_item = trp_el.querySelector( '.trp-ls-shortcode-language' )\n            \/\/ set width\n            var trp_ls_shortcode_width                                               = trp_shortcode_language_item.offsetWidth + 16;\n            trp_shortcode_language_item.style.width                                  = trp_ls_shortcode_width + 'px';\n            trp_el.querySelector( '.trp-ls-shortcode-current-language' ).style.width = trp_ls_shortcode_width + 'px';\n\n            \/\/ We're putting this on display: none after we have its width.\n            trp_shortcode_language_item.style.display = 'none';\n        }\n    <\/script>\n<\/div>\n<\/div>\n<\/div><\/div>\n<\/div><\/section><\/div>\n\n\n\n<div class=\"section-wrapper\" data-id=\"cmuena\"><section class=\"wp-block-gutenverse-section guten-element guten-section guten-cmuena layout-fullwidth align-stretch\"><div class=\"guten-container guten-column-gap-no\">\n<div class=\"wp-block-gutenverse-column guten-element guten-column guten-YNNf5H\"><div class=\"guten-column-wrapper\" data-id=\"YNNf5H\">\n<div class=\"section-wrapper\" data-id=\"2kyhcU\"><section class=\"wp-block-gutenverse-section guten-element guten-section guten-2kyhcU layout-fullwidth align-stretch\"><div class=\"guten-background-overlay\"><\/div><div class=\"guten-container guten-column-gap-no\">\n<div class=\"wp-block-gutenverse-column guten-element guten-column guten-4xhqb4\"><div class=\"guten-column-wrapper\" data-id=\"4xhqb4\">\n<div class=\"section-wrapper\" data-id=\"rMNLpS\"><section class=\"wp-block-gutenverse-section guten-element guten-section guten-rMNLpS layout-boxed align-stretch\"><div class=\"guten-container guten-column-gap-no\">\n<div class=\"wp-block-gutenverse-column guten-element guten-column guten-51bgZD animated guten-element-hide desktop-fadeIn\"><div class=\"guten-column-wrapper\" data-id=\"51bgZD\">\n<h1 class=\"wp-block-gutenverse-heading guten-element guten-vRwvH6 animated guten-element-hide desktop-fadeIn\">Ch\u00ednh s\u00e1ch b\u1ea3o m\u1eadt<\/h1>\n\n\n\n<div class=\"guten-element guten-spacer guten-c3TQ56\"><\/div>\n\n\n\n<div class=\"guten-element guten-button-wrapper guten-ZdTc8D\"><a class=\"guten-button guten-button-sm\" href=\"\/lien-he\/\"><span>Li\u00ean h\u1ec7 t\u01b0 v\u1ea5n<\/span><i class=\"fa-lg gtn gtn-right-arrow1-light\"><\/i><\/a><\/div>\n<\/div><\/div>\n<\/div><\/section><\/div>\n<\/div><\/div>\n<\/div><\/section><\/div>\n<\/div><\/div>\n<\/div><\/section><\/div>\n\n\n\n<div class=\"section-wrapper\" data-id=\"FdWrkN\"><section class=\"wp-block-gutenverse-section guten-element guten-section guten-FdWrkN layout-boxed align-stretch\"><div class=\"guten-container guten-column-gap-default\">\n<div class=\"wp-block-gutenverse-column guten-element guten-column guten-qlkAh9\"><div class=\"guten-column-wrapper\" data-id=\"qlkAh9\">\n<p aria-label=\"Text Paragraph\" class=\"guten-element gutenverse-text guten-bYEgcM\">     Trang n\u00e0y th\u00f4ng b\u00e1o cho kh\u00e1ch h\u00e0ng v\u00e0 \u0111\u1ed1i t\u00e1c v\u1ec1 c\u00e1c ch\u00ednh s\u00e1ch c\u1ee7a ch\u00fang t\u00f4i li\u00ean quan \u0111\u1ebfn vi\u1ec7c thu th\u1eadp, s\u1eed d\u1ee5ng v\u00e0 ti\u1ebft l\u1ed9 d\u1eef li\u1ec7u c\u00e1 nh\u00e2n khi s\u1eed d\u1ee5ng D\u1ecbch v\u1ee5 c\u1ee7a ch\u00fang t\u00f4i. Ch\u00fang t\u00f4i s\u1eed d\u1ee5ng d\u1eef li\u1ec7u c\u00e1 nh\u00e2n thu th\u1eadp \u0111\u01b0\u1ee3c \u0111\u1ec3 ph\u1ee5c v\u1ee5 cho m\u1ee5c \u0111\u00edch c\u1ea3i ti\u1ebfn d\u1ecbch v\u1ee5 cung c\u1ea5p cho kh\u00e1ch h\u00e0ng v\u00e0 \u0111\u1ed1i t\u00e1c. Ch\u00fang t\u00f4i xin x\u00e1c nh\u1eadn r\u1eb1ng t\u1ea5t c\u1ea3 th\u00f4ng tin do kh\u00e1ch h\u00e0ng, \u0111\u1ed1i t\u00e1 cung c\u1ea5p tr\u00ean website \u0111\u1ec1u \u0111\u01b0\u1ee3c x\u1eed l\u00fd v\u00e0 \u0111\u1ea3m b\u1ea3o b\u1ea3o m\u1eadt th\u00f4ng tin tuy\u1ec7t \u0111\u1ed1i<br><br><strong>1. Quy \u0111\u1ecbnh v\u1ec1 th\u00f4ng tin c\u00e1 nh\u00e2n \u0111\u01b0\u1ee3c thu th\u1eadp tr\u00ean vinnet.vn<\/strong><br>\u00a0\u00a0\u00a0\u00a0 *\u00a0<strong>Th\u00f4ng tin Qu\u00fd kh\u00e1ch cung c\u1ea5p cho ch\u00fang t\u00f4i<\/strong>: Ch\u00fang t\u00f4i thu th\u1eadp th\u00f4ng tin c\u00e1 nh\u00e2n \u0111\u01b0\u1ee3c cung c\u1ea5p b\u1edfi ng\u01b0\u1eddi s\u1eed d\u1ee5ng trang web, bao g\u1ed3m: h\u1ecd t\u00ean; th\u00f4ng tin c\u00f4ng ty; s\u1ed1 \u0111i\u1ec7n tho\u1ea1i, \u0111\u1ecba ch\u1ec9 mail.<br>Th\u00f4ng tin \u0111\u01b0\u1ee3c thu th\u1eadp khi Qu\u00fd kh\u00e1ch \u0111\u0103ng k\u00fd tr\u00ean form ho\u1eb7c ho\u1eb7c khi Qu\u00fd kh\u00e1ch giao ti\u1ebfp v\u1edbi b\u1ea5t k\u1ef3 b\u1ed9 ph\u1eadn n\u00e0o c\u1ee7a ch\u00fang t\u00f4i th\u00f4ng quan trong web, \u0111i\u1ec7n tho\u1ea1i, mail,\u2026<br>\u00a0\u00a0\u00a0\u00a0 *\u00a0<strong>Cookie:&nbsp;<\/strong>Cookie l\u00e0 c\u00e1c t\u1ec7p c\u00f3 l\u01b0\u1ee3ng d\u1eef li\u1ec7u nh\u1ecf, \u0111\u01b0\u1ee3c g\u1eedi \u0111\u1ebfn tr\u00ecnh duy\u1ec7t c\u1ee7a b\u1ea1n t\u1eeb m\u1ed9t trang web v\u00e0 \u0111\u01b0\u1ee3c l\u01b0u tr\u1eef tr\u00ean thi\u1ebft b\u1ecb c\u1ee7a b\u1ea1n. Cookie kh\u00f4ng th\u1ec3 truy c\u1eadp ho\u1eb7c thao t\u00e1c d\u1eef li\u1ec7u trong \u1ed5 c\u1ee9ng c\u1ee7a Qu\u00fd kh\u00e1ch. Ch\u00fang t\u00f4i s\u1eed d\u1ee5ng cookie v\u00e0 c\u00e1c c\u00f4ng ngh\u1ec7 theo d\u00f5i t\u01b0\u01a1ng t\u1ef1 \u0111\u1ec3 thu th\u1eadp v\u00e0 theo d\u00f5i ho\u1ea1t \u0111\u1ed9ng tr\u00ean D\u1ecbch v\u1ee5 c\u1ee7a m\u00ecnh v\u00e0 l\u01b0u gi\u1eef m\u1ed9t s\u1ed1 th\u00f4ng tin nh\u1ea5t \u0111\u1ecbnh.<br>Qu\u00fd kh\u00e1ch c\u00f3 t\u1eeb ch\u1ed1i chia s\u1ebb cookie v\u1edbi ch\u00fang t\u00f4i. Tuy nhi\u00ean, n\u1ebfu Qu\u00fd kh\u00e1ch kh\u00f4ng ch\u1ea5p nh\u1eadn chia s\u1ebb cookie, Qu\u00fd kh\u00e1ch c\u00f3 th\u1ec3 s\u1eed d\u1ee5ng \u0111\u01b0\u1ee3c m\u1ed9t s\u1ed1 ph\u1ea7n c\u1ee7a D\u1ecbch v\u1ee5 c\u1ee7a ch\u00fang t\u00f4i, b\u00ean c\u1ea1nh \u0111\u00f3 ch\u00fang t\u00f4i s\u1ebd kh\u00f4ng th\u1ec3 cung c\u1ea5p cho Qu\u00fd kh\u00e1ch nh\u1eefng d\u1ecbch v\u1ee5 ph\u00f9 h\u1ee3p.<br><br><strong>2. M\u1ee5c \u0111\u00edch thu th\u1eadp v\u00e0 ph\u1ea1m vi s\u1eed d\u1ee5ng<\/strong><br>\u00a0\u00a0\u00a0\u00a0 Ch\u00fang t\u00f4i s\u1eed d\u1ee5ng nh\u1eefng th\u00f4ng tin thu th\u1eadp \u0111\u01b0\u1ee3c v\u1edbi m\u1ee5c \u0111\u00edch c\u1ea3i thi\u1ec7n, n\u00e2ng cao d\u1ecbch v\u1ee5 v\u00e0 website, n\u00e2ng cao tr\u1ea3i nghi\u1ec7m c\u1ee7a Qu\u00fd kh\u00e1ch.<br>\u00a0\u00a0\u00a0\u00a0 V\u1edbi m\u1ee5c \u0111\u00edch tu\u00e2n th\u1ee7 ph\u00e1p lu\u1eadt, ng\u0103n ch\u1eb7n h\u00e0nh vi tr\u00e1i ph\u00e9p , ch\u00fang t\u00f4i s\u1ebd ti\u1ebft l\u1ed9 th\u00f4ng tin c\u00e1 nh\u00e2n c\u1ee7a Qu\u00fd kh\u00e1ch v\u1edbi c\u00e1c c\u01a1 quan ch\u1ee9c n\u0103ng ho\u1eb7c b\u00ean th\u1ee9\u00a0 khi \u0111\u01b0\u1ee3c theo quy \u0111\u1ecbnh c\u1ee7a c\u1ee7a ph\u00e1p lu\u1eadt.<br><br><strong>3. Th\u1eddi gian l\u01b0u tr\u1eef<\/strong><br><strong>&nbsp;&nbsp;&nbsp;&nbsp;&nbsp;<\/strong>Th\u00f4ng tin c\u1ee7a Qu\u00fd kh\u00e1ch s\u1ebd \u0111\u01b0\u1ee3c l\u01b0u tr\u1eef k\u1ec3 t\u1eeb th\u1eddi \u0111i\u1ec3m Qu\u00fd kh\u00e1ch \u0111i\u1ec1n th\u00f4ng tin v\u00e0 duy tr\u00ec cho \u0111\u1ebfn khi ch\u00fang t\u00f4i x\u1eed l\u00fd xong y\u00eau c\u1ea7u c\u1ee7a Qu\u00fd kh\u00e1ch. Th\u00f4ng tin c\u1ee7a Qu\u00fd kh\u00e1ch s\u1ebd \u0111\u01b0\u1ee3c l\u01b0u tr\u1eef b\u1ea3o m\u1eadt.<br><br><strong>4. Quy \u0111\u1ecbnh \u0111\u1ed1i v\u1edbi tr\u1ebb em<\/strong><br>\u00a0\u00a0\u00a0\u00a0 Ch\u00fang t\u00f4i kh\u00f4ng cung c\u1ea5p d\u1ecbch v\u1ee5 cho tr\u1ebb em d\u01b0\u1edbi 18 tu\u1ed5i<br>\u00a0\u00a0\u00a0\u00a0 Ch\u00fang t\u00f4i kh\u00f4ng c\u1ed1 \u00fd thu th\u1eadp th\u00f4ng tin c\u00e1 nh\u00e2n c\u1ee7a b\u1ea5t k\u1ef3 ai d\u01b0\u1edbi 18 tu\u1ed5i. N\u1ebfu Qu\u00fd kh\u00e1ch l\u00e0 tr\u1ebb em d\u01b0\u1edbi 18 tu\u1ed5i xin vui l\u00f2ng kh\u00f4ng cung c\u1ea5p b\u1ea5t k\u1ef3 th\u00f4ng tin c\u00e1 nh\u00e2n n\u00e0o v\u1edbi ch\u00fang t\u00f4i. N\u1ebfu Qu\u00fd kh\u00e1ch l\u00e0 cha m\u1eb9 ho\u1eb7c ng\u01b0\u1eddi gi\u00e1m h\u1ed9 nh\u1eadn th\u1ea5y con c\u00e1i c\u1ee7a m\u00ecnh \u0111\u00e3 cung c\u1ea5p cho ch\u00fang t\u00f4i th\u00f4ng tin c\u00e1 nh\u00e2n, xin vui l\u00f2ng li\u00ean h\u1ec7 cho ch\u00fang t\u00f4i. Trong tr\u01b0\u1eddng h\u1ee3p ch\u00fang t\u00f4i ph\u00e1t hi\u1ec7n ra th\u00f4ng tin c\u00e1 nh\u00e2n \u0111\u00e3 \u0111\u01b0\u1ee3c thu th\u1eadp c\u1ee7a tr\u1ebb em d\u01b0\u1edbi 18 tu\u1ed5i, ch\u00fang t\u00f4i s\u1ebd th\u1ef1c hi\u1ec7n x\u00f3a th\u00f4ng tin \u0111\u00f3 kh\u1ecfi m\u00e1y ch\u1ee7 c\u1ee7a ch\u00fang t\u00f4i.<br><br><strong>5. \u0110\u01a1n v\u1ecb thu th\u1eadp v\u00e0 qu\u1ea3n l\u00fd th\u00f4ng tin<\/strong><br>\u00a0\u00a0\u00a0\u00a0 C\u00d4NG TY C\u1ed4 PH\u1ea6N C\u00d4NG NGH\u1ec6 VINNET<br>V\u0103n ph\u00f2ng giao d\u1ecbch: T\u1ea7ng 2, s\u1ed1 91 Trung K\u00ednh, Trung H\u00f2a, C\u1ea7u Gi\u1ea5y, H\u00e0 N\u1ed9i<br>Hotline: 02473029199<br>Email h\u1ed7 tr\u1ee3: biz@vinnet.vn<br>Trong tr\u01b0\u1eddng h\u1ee3p kh\u00e1ch h\u00e0n c\u00f3 th\u1eafc m\u1eafc ho\u1eb7c c\u1ea7n h\u1ed7 tr\u1ee3 v\u1ec1 ho\u1ea1t \u0111\u1ed9ng thu th\u1eadp, x\u1eed l\u00fd th\u00f4ng tin c\u00e1 nh\u00e2n c\u00f3 th\u1ec3 li\u00ean h\u1ec7 ch\u00fang t\u00f4i qua \u0111\u1ecba ch\u1ec9 n\u00eau tr\u00ean \u0111\u1ec3 \u0111\u01b0\u1ee3c h\u1ed7 tr\u1ee3.<br><br><\/p>\n<\/div><\/div>\n<\/div><\/section><\/div>\n\n\n\n<div class=\"section-wrapper\" data-id=\"5eNMxN\"><section class=\"wp-block-gutenverse-section guten-element guten-section guten-5eNMxN layout-fullwidth align-stretch\"><div class=\"guten-container guten-column-gap-no\">\n<div class=\"wp-block-gutenverse-column guten-element guten-column guten-5MazNz\"><div class=\"guten-column-wrapper\" data-id=\"5MazNz\">\n<div class=\"section-wrapper\" data-id=\"xNDcmz\"><section class=\"wp-block-gutenverse-section guten-element guten-section guten-xNDcmz layout-boxed align-stretch\"><div class=\"guten-container guten-column-gap-default\">\n<div class=\"wp-block-gutenverse-column guten-element guten-column guten-ZMQOLN\"><div class=\"guten-column-wrapper\" data-id=\"ZMQOLN\">\n<h2 class=\"wp-block-gutenverse-heading guten-element guten-14vzuQ animated guten-element-hide desktop-fadeIn\">\u0110\u0103ng k\u00fd ngay \u0111\u1ec3 nh\u1eadn th\u00f4ng tin c\u1eadp nh\u1eadt v\u00e0 \u01b0u \u0111\u00e3i \u0111\u1ed9c quy\u1ec1n ngay h\u00f4m nay<\/h2>\n\n\n\n<form style=\"display:none\" class=\"guten-element guten-form-builder guten-za2GZJ\" data-form-id=\"398\">\n<div class=\"guten-element guten-form-input-email guten-form-input guten-input-position-top guten-J7BcNN hide-label hide-helper\"><div class=\"label-wrapper\"><\/div><div class=\"main-wrapper\"><input data-validation=\"{&quot;type&quot;:&quot;email&quot;,&quot;required&quot;:false,&quot;validationType&quot;:&quot;none&quot;,&quot;validationWarning&quot;:&quot;Input Invalid&quot;}\" placeholder=\"Enter your email\" name=\"input-email\" class=\"gutenverse-input gutenverse-input-email\" type=\"email\"\/><div class=\"validation-error\">Input Invalid<\/div><\/div><\/div>\n\n\n\n<div class=\"guten-element guten-button-wrapper guten-submit-wrapper guten-APocDa\"><div class=\"form-notification\"><\/div><button class=\"guten-button gutenverse-input-submit guten-button-sm\" type=\"submit\"><span>\u0110\u0103ng k\u00fd<\/span><\/button><div class=\"gutenverse-input-submit-loader\"><i class=\"fas fa-spinner fa-spin\"><\/i><\/div><\/div>\n<\/form>\n<\/div><\/div>\n<\/div><\/section><\/div>\n<\/div><\/div>\n<\/div><\/section><\/div>\n\n\n\n<div class=\"section-wrapper\" data-id=\"Jfb0jy\"><section class=\"wp-block-gutenverse-section guten-element guten-section guten-Jfb0jy layout-fullwidth align-stretch\"><div class=\"guten-container guten-column-gap-no\">\n<div class=\"wp-block-gutenverse-column guten-element guten-column guten-LwqIIT\"><div class=\"guten-column-wrapper\" data-id=\"LwqIIT\">\n<div class=\"section-wrapper\" data-id=\"Bbn41y\"><section class=\"wp-block-gutenverse-section guten-element guten-section guten-Bbn41y layout-boxed align-stretch\"><div class=\"guten-container guten-column-gap-no\">\n<div class=\"wp-block-gutenverse-column guten-element guten-column guten-XyUzH8\"><div class=\"guten-column-wrapper\" data-id=\"XyUzH8\">\n<div class=\"section-wrapper\" data-id=\"kgczks\"><section class=\"wp-block-gutenverse-section guten-element guten-section guten-kgczks layout-boxed align-stretch\"><div class=\"guten-container guten-column-gap-default\">\n<div class=\"wp-block-gutenverse-column guten-element guten-column guten-zqyySU\"><div class=\"guten-column-wrapper\" data-id=\"zqyySU\">\n<div class=\"wp-block-gutenverse-image guten-element guten-image guten-pUArAS\"><div class=\"guten-image-wrapper\"><img loading=\"lazy\" decoding=\"async\" class=\"gutenverse-image-box-filled\" src=\"https:\/\/vinnet.vn\/wp-content\/uploads\/2025\/04\/Vinnet-JSC.png\" height=\"94\" width=\"354\"\/><\/div><\/div>\n\n\n\n<div class=\"guten-element gutenverse-text-editor guten-Gj9mtP\"><div class=\"text-content-inner\">\n<p><strong>Gi\u1ea5y ph\u00e9p cung c\u1ea5p d\u1ecbch v\u1ee5 vi\u1ec5n th\u00f4ng kh\u00f4ng c\u00f3 h\u1ea1 t\u1ea7ng m\u1ea1ng<\/strong>: 216\/GP-BKHCN &#8211; ng\u00e0y c\u1ea5p 28\/05\/2025<\/p>\n\n\n\n<p><strong>Ch\u1ee9ng ch\u1ec9 ISO\/IEC 27001:2022<\/strong>: 2020125001672 &#8211; ng\u00e0y c\u1ea5p 10\/06\/2025 <\/p>\n<\/div><\/div>\n\n\n\n<div class=\"guten-element guten-social-icons guten-qzPBdH square horizontal fill\">\n<div class=\"guten-element guten-social-icon guten-zSUTtm facebook\"><a id=\"guten-zSUTtm\" href=\"#\"><i class=\"gtn gtn-facebook-light\"><\/i><\/a><\/div>\n\n\n\n<div class=\"guten-element guten-social-icon guten-naJItx twitter\"><a id=\"guten-naJItx\" href=\"#\"><i class=\"fab fa-x-twitter\"><\/i><\/a><\/div>\n\n\n\n<div class=\"guten-element guten-social-icon guten-EOs9SI link\"><a id=\"guten-EOs9SI\" href=\"#\"><i class=\"fab fa-linkedin-in\"><\/i><\/a><\/div>\n\n\n\n<div class=\"guten-element guten-social-icon guten-bASglp instagram\"><a id=\"guten-bASglp\" href=\"#\"><i class=\"fab fa-instagram-square\"><\/i><\/a><\/div>\n\n\n\n<div class=\"guten-element guten-social-icon guten-jl8oIl telegram\"><a id=\"guten-jl8oIl\" href=\"#\"><i class=\"fab fa-telegram\"><\/i><\/a><\/div>\n<\/div>\n<\/div><\/div>\n\n\n\n<div class=\"wp-block-gutenverse-column guten-element guten-column guten-G3PfiE\"><div class=\"guten-column-wrapper\" data-id=\"G3PfiE\">\n<h2 class=\"wp-block-gutenverse-heading guten-element guten-Q1iP6d\">Quick Links<\/h2>\n\n\n\n<div class=\"guten-element guten-icon-list guten-WhLmJm\">\n<div class=\"guten-element guten-icon-list-item guten-5OyJiM\"><a id=\"guten-5OyJiM\" href=\"#\"><i class=\"fas fa-check\"><\/i><span class=\"list-text \">Home<\/span><\/a><\/div>\n\n\n\n<div class=\"guten-element guten-icon-list-item guten-TkUQwt\"><a id=\"guten-TkUQwt\" href=\"#\"><i class=\"fas fa-check\"><\/i><span class=\"list-text \">V\u1ec1 Vinnet<\/span><\/a><\/div>\n\n\n\n<div class=\"guten-element guten-icon-list-item guten-PGekda\"><a id=\"guten-PGekda\" href=\"#\"><i class=\"fas fa-check\"><\/i><span class=\"list-text \">D\u1ecbch V\u1ee5<\/span><\/a><\/div>\n\n\n\n<div class=\"guten-element guten-icon-list-item guten-1NLuAn\"><a id=\"guten-1NLuAn\" href=\"https:\/\/vinnet.vn\/vi\/chinh-sach-bao-mat\/\"><i class=\"fas fa-check\"><\/i><span class=\"list-text \">Ch\u00ednh s\u00e1ch<\/span><\/a><\/div>\n<\/div>\n<\/div><\/div>\n\n\n\n<div class=\"wp-block-gutenverse-column guten-element guten-column guten-vta4Nr\"><div class=\"guten-column-wrapper\" data-id=\"vta4Nr\">\n<h2 class=\"wp-block-gutenverse-heading guten-element guten-7t8UkE\">Support<\/h2>\n\n\n\n<div class=\"guten-element guten-icon-list guten-bSP8l8\">\n<div class=\"guten-element guten-icon-list-item guten-QOJpuD\"><a id=\"guten-QOJpuD\" href=\"#\"><i class=\"fas fa-check\"><\/i><span class=\"list-text \">Li\u00ean H\u1ec7<\/span><\/a><\/div>\n\n\n\n<div class=\"guten-element guten-icon-list-item guten-RE6foX\"><a id=\"guten-RE6foX\" href=\"#\"><i class=\"fas fa-check\"><\/i><span class=\"list-text \">H\u1ed7 tr\u1ee3<\/span><\/a><\/div>\n\n\n\n<div class=\"guten-element guten-icon-list-item guten-LaHaAz\"><a id=\"guten-LaHaAz\" href=\"#\"><i class=\"fas fa-check\"><\/i><span class=\"list-text \">T\u00e0i Li\u1ec7u<\/span><\/a><\/div>\n\n\n\n<div class=\"guten-element guten-icon-list-item guten-RlTlQG\"><a id=\"guten-RlTlQG\" href=\"#\"><i class=\"fas fa-check\"><\/i><span class=\"list-text \">FAQ<\/span><\/a><\/div>\n<\/div>\n<\/div><\/div>\n\n\n\n<div class=\"wp-block-gutenverse-column guten-element guten-column guten-tfqSQd\"><div class=\"guten-column-wrapper\" data-id=\"tfqSQd\">\n<h2 class=\"wp-block-gutenverse-heading guten-element guten-uPU4jx\">Contact Info<\/h2>\n\n\n\n<div class=\"guten-element guten-icon-list guten-15i8a1\">\n<div class=\"guten-element guten-icon-list-item guten-BUB2Fz\"><a id=\"guten-BUB2Fz\"><i class=\"fas fa-check\"><\/i><span class=\"list-text \">T2-T6 : 8:00 AM \u2013 5:00 PM<\/span><\/a><\/div>\n\n\n\n<div class=\"guten-element guten-icon-list-item guten-o8BKsQ\"><a id=\"guten-o8BKsQ\"><i class=\"fas fa-check\"><\/i><span class=\"list-text \">T\u1ea7ng 1 Trung t\u00e2m th\u01b0\u01a1ng m\u1ea1i V\u0129nh Ph\u00e1t, x\u00e3 Ninh Hi\u1ec7p, huy\u1ec7n Gia L\u00e2m, Th\u00e0nh ph\u1ed1 H\u00e0 N\u1ed9i, Vi\u1ec7t Nam.<\/span><\/a><\/div>\n\n\n\n<div class=\"guten-element guten-icon-list-item guten-DP7TTl\"><a id=\"guten-DP7TTl\" href=\"#\"><i class=\"fas fa-check\"><\/i><span class=\"list-text \">biz@vinnet.vn<\/span><\/a><\/div>\n\n\n\n<div class=\"guten-element guten-icon-list-item guten-YZeB5H\"><a id=\"guten-YZeB5H\" href=\"#\"><i class=\"fas fa-check\"><\/i><span class=\"list-text \">024.7302.9199<\/span><\/a><\/div>\n<\/div>\n<\/div><\/div>\n<\/div><\/section><\/div>\n\n\n\n<div class=\"section-wrapper\" data-id=\"4Hmsak\"><section class=\"wp-block-gutenverse-section guten-element guten-section guten-4Hmsak layout-boxed align-stretch\"><div class=\"guten-container guten-column-gap-default\">\n<div class=\"wp-block-gutenverse-column guten-element guten-column guten-hXu2cv\"><div class=\"guten-column-wrapper\" data-id=\"hXu2cv\">\n<h6 class=\"wp-block-gutenverse-heading guten-element guten-4Sotd7\">Copyright \u00a9 2025\u00a0Vinnet.<\/h6>\n<\/div><\/div>\n\n\n\n<div class=\"wp-block-gutenverse-column guten-element guten-column guten-uUUDYM\"><div class=\"guten-column-wrapper\" data-id=\"uUUDYM\">\n<div class=\"guten-element guten-icon-list guten-qyKPF0 inline-icon-list\">\n<div class=\"guten-element guten-icon-list-item guten-K8y40i\"><a id=\"guten-K8y40i\" href=\"\/privacy-policy\/\"><i class=\"fas fa-check\"><\/i><span class=\"list-text \">Privacy Policy<\/span><\/a><\/div>\n\n\n\n<div class=\"guten-element guten-icon-list-item guten-EvSKKa\"><a id=\"guten-EvSKKa\" href=\"\/lien-he\/\"><i class=\"fas fa-check\"><\/i><span class=\"list-text \">Support<\/span><\/a><\/div>\n\n\n\n<div class=\"guten-element guten-icon-list-item guten-ToJsOX\"><a id=\"guten-ToJsOX\" href=\"\/privacy-policy\"><i class=\"fas fa-check\"><\/i><span class=\"list-text \">Term of Services<\/span><\/a><\/div>\n<\/div>\n<\/div><\/div>\n<\/div><\/section><\/div>\n<\/div><\/div>\n<\/div><\/section><\/div>\n<\/div><\/div>\n<\/div><\/section><\/div>\n\n\n\n<p><\/p>\n","protected":false},"excerpt":{"rendered":"","protected":false},"author":2,"featured_media":0,"parent":0,"menu_order":0,"comment_status":"closed","ping_status":"closed","template":"blank-canvas","meta":{"footnotes":""},"class_list":["post-721","page","type-page","status-publish","hentry"],"_links":{"self":[{"href":"https:\/\/vinnet.vn\/vi\/wp-json\/wp\/v2\/pages\/721","targetHints":{"allow":["GET"]}}],"collection":[{"href":"https:\/\/vinnet.vn\/vi\/wp-json\/wp\/v2\/pages"}],"about":[{"href":"https:\/\/vinnet.vn\/vi\/wp-json\/wp\/v2\/types\/page"}],"author":[{"embeddable":true,"href":"https:\/\/vinnet.vn\/vi\/wp-json\/wp\/v2\/users\/2"}],"replies":[{"embeddable":true,"href":"https:\/\/vinnet.vn\/vi\/wp-json\/wp\/v2\/comments?post=721"}],"version-history":[{"count":6,"href":"https:\/\/vinnet.vn\/vi\/wp-json\/wp\/v2\/pages\/721\/revisions"}],"predecessor-version":[{"id":729,"href":"https:\/\/vinnet.vn\/vi\/wp-json\/wp\/v2\/pages\/721\/revisions\/729"}],"wp:attachment":[{"href":"https:\/\/vinnet.vn\/vi\/wp-json\/wp\/v2\/media?parent=721"}],"curies":[{"name":"wp","href":"https:\/\/api.w.org\/{rel}","templated":true}]}}